{"id":460,"date":"2023-05-01T02:51:07","date_gmt":"2023-05-01T05:51:07","guid":{"rendered":"https:\/\/rasengenhariaparaty.com\/index.php\/sistema-on-grid\/"},"modified":"2023-05-01T12:16:17","modified_gmt":"2023-05-01T15:16:17","slug":"sistema-on-grid","status":"publish","type":"page","link":"https:\/\/rasengenhariaparaty.com\/index.php\/sistema-on-grid\/","title":{"rendered":"Sistema ON-GRID"},"content":{"rendered":"<div class=\"style-365 style-local-460-c1 position-relative\" data-colibri-id=\"460-c1\">\n<div id=\"custom\" class=\"h-section h-section-global-spacing d-flex align-items-lg-center align-items-md-center align-items-center style-373 style-local-460-c2 position-relative\" data-colibri-component=\"section\" data-colibri-id=\"460-c2\">\n<div class=\"h-section-grid-container h-section-boxed-container\">\n<div class=\"h-row-container gutters-row-lg-2 gutters-row-md-2 gutters-row-0 gutters-row-v-lg-2 gutters-row-v-md-2 gutters-row-v-2 style-374 style-local-460-c3 position-relative\" data-colibri-id=\"460-c3\">\n<div class=\"h-row justify-content-lg-center justify-content-md-center justify-content-center align-items-lg-stretch align-items-md-stretch align-items-stretch gutters-col-lg-2 gutters-col-md-2 gutters-col-0 gutters-col-v-lg-2 gutters-col-v-md-2 gutters-col-v-2\">\n<div class=\"h-column h-column-container d-flex h-col-lg-auto h-col-md-auto h-col-auto style-375-outer style-local-460-c4-outer\">\n<div class=\"d-flex h-flex-basis h-column__inner h-px-lg-2 h-px-md-2 h-px-2 v-inner-lg-2 v-inner-md-2 v-inner-2 style-375 style-local-460-c4 position-relative\" data-colibri-id=\"460-c4\">\n<div class=\"w-100 h-y-container h-column__content h-column__v-align flex-basis-100 align-self-lg-start align-self-md-start align-self-start\">\n<div class=\"h-global-transition-all h-heading style-378 style-local-460-c5 position-relative h-element\" data-colibri-id=\"460-c5\">\n<div class=\"h-heading__outer style-378 style-local-460-c5\">\n<h3 class=\"\">Sistema Fotovoltaico &#8211; Conectado \u00e0 Rede<\/h3>\n<\/div>\n<\/div>\n<div class=\"h-text h-text-component style-379 style-local-460-c6 position-relative h-element\" data-colibri-id=\"460-c6\">\n<div class=\"\">\n\n<span style=\"color: #404040; font-family: helvetica, arial, sans-serif; font-size: 18.6667px; font-weight: 400;\">\u00c9 um conjunto de equipamentos capaz de transformar a energia do sol em energia el\u00e9trica e injeta-la na rede el\u00e9trica de energia da concession\u00e1ria da regi\u00e3o, no caso de Paraty na ENEL. Os pain\u00e9is solares convertem a energia do sol em energia el\u00e9trica atrav\u00e9s das c\u00e9lulas fotovoltaicas.<\/span>\n\n<span style=\"color: #404040; font-family: helvetica, arial, sans-serif; font-size: 18.6667px; font-weight: 400;\">O sistema fotovoltaico conectado \u00e0 rede, tamb\u00e9m conhecido como ON-GRID, tem algumas vantagens quando comparados com o sistema OFF-GRID, como uma efici\u00eancia de 30% a mais, al\u00e9m de possibilitar a utiliza\u00e7\u00e3o do sistema de cr\u00e9ditos.<\/span>\n\n<span style=\"color: #404040; font-family: helvetica, arial, sans-serif; font-size: 18.6667px; font-weight: 400;\">Como desvantagem pode-se citar a obrigatoriedade de conex\u00e3o \u00e0 rede da concession\u00e1ria de energia e n\u00e3o possuir um sistema que armazene a energia excedente.<\/span>\n\n<span style=\"color: #404040; font-family: helvetica, arial, sans-serif; font-size: 18.6667px; font-weight: 400;\">Entretanto, n\u00e3o \u00e9 preciso investir em baterias fotovoltaicas, o que reduz o custo da instala\u00e7\u00e3o desse sistema.<\/span>\n\n<\/div>\n<\/div>\n<\/div>\n<\/div>\n<\/div>\n<div class=\"h-column h-column-container d-flex h-col-lg-auto h-col-md-auto h-col-auto style-376-outer style-local-460-c7-outer\">\n<div class=\"d-flex h-flex-basis h-column__inner h-px-lg-2 h-px-md-2 h-px-2 v-inner-lg-2 v-inner-md-2 v-inner-2 style-376 style-local-460-c7 position-relative\" data-colibri-id=\"460-c7\">\n<div class=\"w-100 h-y-container h-column__content h-column__v-align flex-basis-100 align-self-lg-start align-self-md-start align-self-start\">\n<div class=\"h-x-container style-380 style-local-460-c9 position-relative h-element\" data-colibri-id=\"460-c9\">\n<div class=\"h-x-container-inner style-dynamic-460-c9-group style-380-spacing style-local-460-c9-spacing\"><iframe loading=\"lazy\" title=\"YouTube video player\" src=\"https:\/\/www.youtube.com\/embed\/nkTIsNDMfWI\" width=\"560\" height=\"315\" frameborder=\"0\" allowfullscreen=\"allowfullscreen\"><\/iframe><\/div>\n<\/div>\n<\/div>\n<\/div>\n<\/div>\n<\/div>\n<\/div>\n<\/div>\n<\/div>\n<\/div>","protected":false},"excerpt":{"rendered":"<p>Sistema Fotovoltaico &#8211; Conectado \u00e0 Rede \u00c9 um conjunto de equipamentos capaz de transformar a energia do sol em energia el\u00e9trica e injeta-la na rede el\u00e9trica de energia da concession\u00e1ria da regi\u00e3o, no caso de Paraty na ENEL. Os pain\u00e9is solares convertem a energia do sol em energia el\u00e9trica atrav\u00e9s das c\u00e9lulas fotovoltaicas. O sistema [&hellip;]<\/p>\n","protected":false},"author":1,"featured_media":0,"parent":0,"menu_order":0,"comment_status":"closed","ping_status":"closed","template":"page-templates\/full-width-page.php","meta":[],"_links":{"self":[{"href":"https:\/\/rasengenhariaparaty.com\/index.php\/wp-json\/wp\/v2\/pages\/460"}],"collection":[{"href":"https:\/\/rasengenhariaparaty.com\/index.php\/wp-json\/wp\/v2\/pages"}],"about":[{"href":"https:\/\/rasengenhariaparaty.com\/index.php\/wp-json\/wp\/v2\/types\/page"}],"author":[{"embeddable":true,"href":"https:\/\/rasengenhariaparaty.com\/index.php\/wp-json\/wp\/v2\/users\/1"}],"replies":[{"embeddable":true,"href":"https:\/\/rasengenhariaparaty.com\/index.php\/wp-json\/wp\/v2\/comments?post=460"}],"version-history":[{"count":20,"href":"https:\/\/rasengenhariaparaty.com\/index.php\/wp-json\/wp\/v2\/pages\/460\/revisions"}],"predecessor-version":[{"id":625,"href":"https:\/\/rasengenhariaparaty.com\/index.php\/wp-json\/wp\/v2\/pages\/460\/revisions\/625"}],"wp:attachment":[{"href":"https:\/\/rasengenhariaparaty.com\/index.php\/wp-json\/wp\/v2\/media?parent=460"}],"curies":[{"name":"wp","href":"https:\/\/api.w.org\/{rel}","templated":true}]}}