{"id":2,"date":"2023-04-27T23:10:31","date_gmt":"2023-04-28T02:10:31","guid":{"rendered":"https:\/\/rasengenhariaparaty.com\/?page_id=2"},"modified":"2023-08-23T23:23:51","modified_gmt":"2023-08-24T02:23:51","slug":"pagina-exemplo","status":"publish","type":"page","link":"https:\/\/rasengenhariaparaty.com\/index.php\/pagina-exemplo\/","title":{"rendered":"Sobre a Empresa"},"content":{"rendered":"<div data-colibri-id=\"2-c1\" class=\"style-382 style-local-2-c1 position-relative\">\n  <!---->\n  <div data-colibri-component=\"section\" data-colibri-id=\"2-c2\" id=\"custom\" class=\"h-section h-section-global-spacing d-flex align-items-lg-center align-items-md-center align-items-center style-387 style-local-2-c2 position-relative\">\n    <!---->\n    <!---->\n    <div class=\"h-section-grid-container h-section-boxed-container\">\n      <!---->\n      <div data-colibri-id=\"2-c3\" class=\"h-row-container gutters-row-lg-2 gutters-row-md-2 gutters-row-0 gutters-row-v-lg-2 gutters-row-v-md-2 gutters-row-v-2 style-390 style-local-2-c3 position-relative\">\n        <!---->\n        <div class=\"h-row justify-content-lg-center justify-content-md-center justify-content-center align-items-lg-stretch align-items-md-stretch align-items-stretch gutters-col-lg-2 gutters-col-md-2 gutters-col-0 gutters-col-v-lg-2 gutters-col-v-md-2 gutters-col-v-2\">\n          <!---->\n          <div class=\"h-column h-column-container d-flex h-col-lg-auto h-col-md-auto h-col-auto style-391-outer style-local-2-c4-outer\">\n            <div data-colibri-id=\"2-c4\" class=\"d-flex h-flex-basis h-column__inner h-px-lg-2 h-px-md-2 h-px-2 v-inner-lg-2 v-inner-md-2 v-inner-2 style-391 style-local-2-c4 position-relative\">\n              <!---->\n              <!---->\n              <div class=\"w-100 h-y-container h-column__content h-column__v-align flex-basis-100 align-self-lg-start align-self-md-start align-self-start\">\n                <!---->\n                <div data-colibri-id=\"2-c5\" class=\"h-global-transition-all h-heading style-392 style-local-2-c5 position-relative h-element\">\n                  <!---->\n                  <div class=\"h-heading__outer style-392 style-local-2-c5\">\n                    <!---->\n                    <!---->\n                    <h3 class=\"\">A RAS Engenharia foi criada em 2021com valores, vis\u00e3o e miss\u00e3o<\/h3>\n                  <\/div>\n                <\/div>\n              <\/div>\n            <\/div>\n          <\/div>\n        <\/div>\n      <\/div>\n    <\/div>\n  <\/div>\n  <div data-colibri-component=\"section\" data-colibri-id=\"2-c6\" id=\"overlappable\" class=\"h-section h-section-global-spacing d-flex align-items-lg-center align-items-md-center align-items-center style-393 style-local-2-c6 position-relative\">\n    <!---->\n    <!---->\n    <div class=\"h-section-grid-container h-section-boxed-container\">\n      <!---->\n      <div data-colibri-id=\"2-c7\" class=\"h-row-container gutters-row-lg-2 gutters-row-md-0 gutters-row-2 gutters-row-v-lg-2 gutters-row-v-md-0 gutters-row-v-2 style-394 style-local-2-c7 position-relative\">\n        <!---->\n        <div class=\"h-row justify-content-lg-center justify-content-md-center justify-content-center align-items-lg-stretch align-items-md-stretch align-items-stretch gutters-col-lg-2 gutters-col-md-0 gutters-col-2 gutters-col-v-lg-2 gutters-col-v-md-0 gutters-col-v-2\">\n          <!---->\n          <div class=\"h-column h-column-container d-flex h-col-lg-4 h-col-md-4 h-col-12 style-395-outer style-local-2-c8-outer\">\n            <div data-colibri-id=\"2-c8\" class=\"d-flex h-flex-basis h-column__inner h-px-lg-2 h-px-md-3 h-px-2 v-inner-lg-0 v-inner-md-3 v-inner-2 style-395 style-local-2-c8 position-relative\">\n              <!---->\n              <!---->\n              <div class=\"w-100 h-y-container h-column__content h-column__v-align flex-basis-100 align-self-lg-start align-self-md-start align-self-start\">\n                <!---->\n                <div data-colibri-id=\"2-c9\" class=\"h-icon style-396 style-local-2-c9 position-relative h-element\">\n                  <!----><span class=\"h-svg-icon h-icon__icon style-396-icon style-local-2-c9-icon\"><!--Icon by Font Awesome (https:\/\/fontawesome.com)-->\n    <svg version=\"1.1\" xmlns=\"http:\/\/www.w3.org\/2000\/svg\" xmlns:xlink=\"http:\/\/www.w3.org\/1999\/xlink\" id=\"bar-chart\" viewBox=\"0 0 2048 1896.0833\">\n      <path d=\"M640 896v512H384V896h256zm384-512v1024H768V384h256zm1024 1152v128H0V128h128v1408h1920zm-640-896v768h-256V640h256zm384-384v1152h-256V256h256z\"><\/path>\n    <\/svg><\/span><\/div>\n                <div data-colibri-id=\"2-c10\" class=\"h-global-transition-all h-heading style-397 style-local-2-c10 position-relative h-element\">\n                  <!---->\n                  <div class=\"h-heading__outer style-397 style-local-2-c10\">\n                    <!---->\n                    <!---->\n                    <h5 class=\"\">Miss\u00e3o<\/h5>\n                  <\/div>\n                <\/div>\n                <div data-colibri-id=\"2-c11\" class=\"h-text h-text-component style-398 style-local-2-c11 position-relative h-element\">\n                  <!---->\n                  <!---->\n                  <div class=\"\">\n                    <p>Oferecer servi\u00e7os el\u00e9tricos de alta qualidade, melhor custo benef\u00edcio e com seguran\u00e7a na regi\u00e3o Sul-Fluminense.<\/p>\n                  <\/div>\n                <\/div>\n              <\/div>\n            <\/div>\n          <\/div>\n          <div class=\"h-column h-column-container d-flex h-col-lg-4 h-col-md-4 h-col-12 style-395-outer style-local-2-c12-outer\">\n            <div data-colibri-id=\"2-c12\" class=\"d-flex h-flex-basis h-column__inner h-px-lg-2 h-px-md-3 h-px-2 v-inner-lg-0 v-inner-md-3 v-inner-2 style-395 style-local-2-c12 position-relative\">\n              <!---->\n              <!---->\n              <div class=\"w-100 h-y-container h-column__content h-column__v-align flex-basis-100 align-self-lg-start align-self-md-start align-self-start\">\n                <!---->\n                <div data-colibri-id=\"2-c13\" class=\"h-icon style-396 style-local-2-c13 position-relative h-element\">\n                  <!----><span class=\"h-svg-icon h-icon__icon style-396-icon style-local-2-c13-icon\"><!--Icon by Font Awesome (https:\/\/fontawesome.com)-->\n    <svg version=\"1.1\" xmlns=\"http:\/\/www.w3.org\/2000\/svg\" xmlns:xlink=\"http:\/\/www.w3.org\/1999\/xlink\" id=\"spinner\" viewBox=\"0 0 1792 1896.0833\">\n      <path d=\"M526 1394q0 53-37.5 90.5T398 1522q-52 0-90-38t-38-90q0-53 37.5-90.5T398 1266t90.5 37.5T526 1394zm498 206q0 53-37.5 90.5T896 1728t-90.5-37.5T768 1600t37.5-90.5T896 1472t90.5 37.5 37.5 90.5zM320 896q0 53-37.5 90.5T192 1024t-90.5-37.5T64 896t37.5-90.5T192 768t90.5 37.5T320 896zm1202 498q0 52-38 90t-90 38q-53 0-90.5-37.5T1266 1394t37.5-90.5 90.5-37.5 90.5 37.5 37.5 90.5zM558 398q0 66-47 113t-113 47-113-47-47-113 47-113 113-47 113 47 47 113zm1170 498q0 53-37.5 90.5T1600 1024t-90.5-37.5T1472 896t37.5-90.5T1600 768t90.5 37.5T1728 896zm-640-704q0 80-56 136t-136 56-136-56-56-136 56-136T896 0t136 56 56 136zm530 206q0 93-66 158.5T1394 622q-93 0-158.5-65.5T1170 398q0-92 65.5-158t158.5-66q92 0 158 66t66 158z\"><\/path>\n    <\/svg><\/span><\/div>\n                <div data-colibri-id=\"2-c14\" class=\"h-global-transition-all h-heading style-397 style-local-2-c14 position-relative h-element\">\n                  <!---->\n                  <div class=\"h-heading__outer style-397 style-local-2-c14\">\n                    <!---->\n                    <!---->\n                    <h5 class=\"\">Vis\u00e3o<\/h5>\n                  <\/div>\n                <\/div>\n                <div data-colibri-id=\"2-c15\" class=\"h-text h-text-component style-398 style-local-2-c15 position-relative h-element\">\n                  <!---->\n                  <!---->\n                  <div class=\"\">\n                    <p>Ser a empresa refer\u00eancia em servi\u00e7os el\u00e9tricos da Regi\u00e3o.<\/p>\n                  <\/div>\n                <\/div>\n              <\/div>\n            <\/div>\n          <\/div>\n          <div class=\"h-column h-column-container d-flex h-col-lg-4 h-col-md-4 h-col-12 style-395-outer style-local-2-c16-outer\">\n            <div data-colibri-id=\"2-c16\" class=\"d-flex h-flex-basis h-column__inner h-px-lg-2 h-px-md-3 h-px-2 v-inner-lg-0 v-inner-md-3 v-inner-2 style-395 style-local-2-c16 position-relative\">\n              <!---->\n              <!---->\n              <div class=\"w-100 h-y-container h-column__content h-column__v-align flex-basis-100 align-self-lg-start align-self-md-start align-self-start\">\n                <!---->\n                <div data-colibri-id=\"2-c17\" class=\"h-icon style-396 style-local-2-c17 position-relative h-element\">\n                  <!----><span class=\"h-svg-icon h-icon__icon style-396-icon style-local-2-c17-icon\"><!--Icon by Icons8 Line Awesome (https:\/\/icons8.com\/line-awesome)--><svg version=\"1.1\" xmlns=\"http:\/\/www.w3.org\/2000\/svg\" xmlns:xlink=\"http:\/\/www.w3.org\/1999\/xlink\" id=\"list-alt\" viewBox=\"0 0 512 545.5\"><path d=\"M164.5 116.5l23 23-64 64-11.5 11-11.5-11-32-32 23-23L112 169zM240 144h208v32H240v-32zm-75.5 100.5l23 23-64 64-11.5 11-11.5-11-32-32 23-23L112 297zM240 272h208v32H240v-32zm-75.5 100.5l23 23-64 64-11.5 11-11.5-11-32-32 23-23L112 425zM240 400h208v32H240v-32z\"><\/path><\/svg><\/span><\/div>\n                <div\n                  data-colibri-id=\"2-c18\" class=\"h-global-transition-all h-heading style-397 style-local-2-c18 position-relative h-element\">\n                  <!---->\n                  <div class=\"h-heading__outer style-397 style-local-2-c18\">\n                    <!---->\n                    <!---->\n                    <h5 class=\"\">Valores<\/h5>\n                  <\/div>\n              <\/div>\n              <div data-colibri-id=\"2-c19\" class=\"h-text h-text-component style-398 style-local-2-c19 position-relative h-element\">\n                <!---->\n                <!---->\n                <div class=\"\">\n                  <p>Respeito as normas, ao c\u00f3digo de \u00e9tica do CREA e as particularidades.\n                    <br>Transpar\u00eancia, Seguran\u00e7a e Sustentabilidade.<\/p>\n                <\/div>\n              <\/div>\n            <\/div>\n          <\/div>\n        <\/div>\n      <\/div>\n    <\/div>\n  <\/div>\n<\/div>\n<div data-colibri-component=\"section\" data-colibri-id=\"2-c20\" id=\"about\" class=\"h-section h-section-global-spacing d-flex align-items-lg-center align-items-md-center align-items-center style-399 style-local-2-c20 position-relative\">\n  <!---->\n  <!---->\n  <div class=\"h-section-grid-container h-section-boxed-container\">\n    <!---->\n    <div data-colibri-id=\"2-c21\" class=\"h-row-container gutters-row-lg-0 gutters-row-md-0 gutters-row-0 gutters-row-v-lg-0 gutters-row-v-md-0 gutters-row-v-0 style-400 style-local-2-c21 position-relative\">\n      <!---->\n      <div class=\"h-row justify-content-lg-center justify-content-md-center justify-content-center align-items-lg-stretch align-items-md-stretch align-items-stretch gutters-col-lg-0 gutters-col-md-0 gutters-col-0 gutters-col-v-lg-0 gutters-col-v-md-0 gutters-col-v-0\">\n        <!---->\n        <div class=\"h-column h-column-container d-flex h-col-lg-auto h-col-md-auto h-col-auto style-401-outer style-local-2-c22-outer\">\n          <div data-colibri-id=\"2-c22\" class=\"d-flex h-flex-basis h-column__inner h-px-lg-0 h-px-md-0 h-px-0 v-inner-lg-0 v-inner-md-0 v-inner-0 style-401 style-local-2-c22 position-relative\">\n            <!---->\n            <!---->\n            <div class=\"w-100 h-y-container h-column__content h-column__v-align flex-basis-100 align-self-lg-start align-self-md-start align-self-start\">\n              <!---->\n              <div data-colibri-id=\"2-c23\" class=\"h-global-transition-all h-heading style-402 style-local-2-c23 position-relative h-element\">\n                <!---->\n                <div class=\"h-heading__outer style-402 style-local-2-c23\">\n                  <!---->\n                  <!---->\n                  <h3 class=\"\">HIST\u00d3RIA<\/h3>\n                <\/div>\n              <\/div>\n              <div data-colibri-id=\"2-c24\" class=\"h-global-transition-all h-heading style-403 style-local-2-c24 position-relative h-element\">\n                <!---->\n                <div class=\"h-heading__outer style-403 style-local-2-c24\">\n                  <!---->\n                  <!---->\n                  <h4 class=\"\">\u201cTive a percep\u00e7\u00e3o que a busca por engenheiro tende a ser para consertar o que fizeram fora das normas e n\u00e3o para j\u00e1 projetar dentro das normas\u201d. &#8211; Respons\u00e1vel T\u00e9cnico<\/h4>\n                <\/div>\n              <\/div>\n              <div data-colibri-id=\"2-c25\" class=\"h-text h-text-component style-404 style-local-2-c25 position-relative h-element\">\n                <!---->\n                <!---->\n                <div class=\"\">\n                  <p>No ano de 2021, durante a pandemia o fundador e co-fundador da RAS Engenharia estruturaram um plano de neg\u00f3cios, no qual buscava atender toda a demanda existente em Paraty e regi\u00e3o, na \u00e1rea de servi\u00e7os el\u00e9tricos.<\/p>\n                  <p> Num cen\u00e1rio p\u00f3s-pandemia e com o reestabelecimentos das atividades econ\u00f4micas houve o in\u00edcio das atividades da RAS Engenharia focando principalmente em projetos de instala\u00e7\u00f5es el\u00e9tricas prediais, posteriormente em MAR\u00c7O de 2022 a RAS\n                    deu um novo passo dessa vez na dire\u00e7\u00e3o de sistemas fotovoltaicos, com dezenas de homologa\u00e7\u00f5es somente nesse ano.<\/p>\n                  <p>\n                    <br>Em Dezembro de 2022, a RAS Engenharia ampliou sua oferta de servi\u00e7os para cidades vizinhas de Paraty. Em MAR\u00c7O&nbsp; de 2023 a RAS ampliou os servi\u00e7os ofertados, oferecendo agora al\u00e9m dos projetos, a execu\u00e7\u00e3o desses.&nbsp;<\/p>\n                <\/div>\n              <\/div>\n            <\/div>\n          <\/div>\n        <\/div>\n        <div class=\"h-column h-column-container d-flex h-col-lg-auto h-col-md-auto h-col-auto style-405-outer style-local-2-c26-outer\">\n          <div data-colibri-id=\"2-c26\" class=\"d-flex h-flex-basis h-column__inner h-ui-empty-state-container h-px-lg-2 h-px-md-2 h-px-2 v-inner-lg-2 v-inner-md-2 v-inner-2 style-405 style-local-2-c26 position-relative\">\n            <!---->\n            <!---->\n            <div class=\"w-100 h-y-container h-column__content h-column__v-align flex-basis-100\">\n              <!---->\n            <\/div>\n          <\/div>\n        <\/div>\n      <\/div>\n    <\/div>\n  <\/div>\n<\/div>\n<div data-colibri-component=\"section\" data-colibri-id=\"2-c27\" id=\"about-2\" class=\"h-section h-section-global-spacing d-flex align-items-lg-center align-items-md-center align-items-center style-406 style-local-2-c27 position-relative\">\n  <!---->\n  <!---->\n  <div class=\"h-section-grid-container h-section-boxed-container\">\n    <!---->\n    <div data-colibri-id=\"2-c28\" class=\"h-row-container gutters-row-lg-0 gutters-row-md-0 gutters-row-0 gutters-row-v-lg-0 gutters-row-v-md-0 gutters-row-v-0 style-407 style-local-2-c28 position-relative\">\n      <!---->\n      <div class=\"h-row justify-content-lg-center justify-content-md-center justify-content-center align-items-lg-stretch align-items-md-stretch align-items-stretch gutters-col-lg-0 gutters-col-md-0 gutters-col-0 gutters-col-v-lg-0 gutters-col-v-md-0 gutters-col-v-0\">\n        <!---->\n        <div class=\"h-column h-column-container d-flex h-col-lg-auto h-col-md-auto h-col-auto style-408-outer style-local-2-c29-outer\">\n          <div data-colibri-id=\"2-c29\" class=\"d-flex h-flex-basis h-column__inner h-px-lg-0 h-px-md-0 h-px-0 v-inner-lg-0 v-inner-md-0 v-inner-0 style-408 style-local-2-c29 position-relative\">\n            <!---->\n            <!---->\n            <div class=\"w-100 h-y-container h-column__content h-column__v-align flex-basis-100 align-self-lg-start align-self-md-start align-self-start\">\n              <!---->\n              <div data-colibri-id=\"2-c34\" class=\"d-block style-457 style-local-2-c34 position-relative h-element\">\n                <!---->\n                <div class=\"h-image__frame-container-outer\">\n                  <div class=\"h-image__frame-container\">\n                    <!---->\n                    <!---->\n                    <img decoding=\"async\" loading=\"lazy\" width=\"768\" height=\"768\" src=\"https:\/\/rasengenhariaparaty.com\/wp-content\/uploads\/2023\/08\/cropped-Imagem-do-WhatsApp-de-2023-08-23-as-20.18.16.jpg\" class=\"wp-image-865 style-457-image style-local-2-c34-image\" srcset=\"https:\/\/rasengenhariaparaty.com\/wp-content\/uploads\/2023\/08\/cropped-Imagem-do-WhatsApp-de-2023-08-23-as-20.18.16.jpg 768w, https:\/\/rasengenhariaparaty.com\/wp-content\/uploads\/2023\/08\/cropped-Imagem-do-WhatsApp-de-2023-08-23-as-20.18.16-300x300.jpg 300w, https:\/\/rasengenhariaparaty.com\/wp-content\/uploads\/2023\/08\/cropped-Imagem-do-WhatsApp-de-2023-08-23-as-20.18.16-150x150.jpg 150w\" sizes=\"(max-width: 768px) 100vw, 768px\" alt=\"\" \/>\n                    <div class=\"h-image__frame h-hide-lg h-hide-md h-hide-sm style-457-frameImage style-local-2-c34-frameImage\"><\/div>\n                  <\/div>\n                <\/div>\n              <\/div>\n            <\/div>\n          <\/div>\n        <\/div>\n        <div class=\"h-column h-column-container d-flex h-col-lg-auto h-col-md-auto h-col-auto style-409-outer style-local-2-c30-outer\">\n          <div data-colibri-id=\"2-c30\" class=\"d-flex h-flex-basis h-column__inner h-px-lg-2 h-px-md-2 h-px-2 v-inner-lg-2 v-inner-md-2 v-inner-2 style-409 style-local-2-c30 position-relative\">\n            <!---->\n            <!---->\n            <div class=\"w-100 h-y-container h-column__content h-column__v-align flex-basis-100 align-self-lg-start align-self-md-start align-self-start\">\n              <!---->\n              <div data-colibri-id=\"2-c31\" class=\"h-global-transition-all h-heading style-410 style-local-2-c31 position-relative h-element\">\n                <!---->\n                <div class=\"h-heading__outer style-410 style-local-2-c31\">\n                  <!---->\n                  <!---->\n                  <h3 class=\"\">Respons\u00e1vel t\u00e9cnico<\/h3>\n                <\/div>\n              <\/div>\n              <div data-colibri-id=\"2-c32\" class=\"h-global-transition-all h-heading style-411 style-local-2-c32 position-relative h-element\">\n                <!---->\n                <div class=\"h-heading__outer style-411 style-local-2-c32\">\n                  <!---->\n                  <!---->\n                  <h4 class=\"\">&#8220;Um projeto de qualidade e respeitando as normas custa 1% a 2% do empreendimento. Um empreendimento sem projeto pode custar um preju\u00edzo de 100% ou mais.&#8221;<\/h4>\n                <\/div>\n              <\/div>\n              <div data-colibri-id=\"2-c33\" class=\"h-text h-text-component style-412 style-local-2-c33 position-relative h-element\">\n                <!---->\n                <!---->\n                <div class=\"\">\n                  <p>Formado em Engenharia el\u00e9trica pela USP(Universidade de S\u00e3o Paulo), Rafael Albuquerque durante a gradua\u00e7\u00e3o participou de projetos de pesquisa para Electrolux, al\u00e9m de ter se formado com Estudos Especiais em Engenharia de Projetos. Durante\n                    os \u00faltimos 2 anos realizou cursos voltados para as mais diversas \u00e1reas da eletricidade sendo os principais CURSOS DE ENERGIA SOLAR FOTOVOLTAICA pela BLUESOL EDUCACIONAL,&nbsp;&nbsp;Photovoltaic Solar Energy Systems e&nbsp;Direct Solar\/Thermal\n                    To Electrical Energy Conversion Technologies pelo&nbsp;MIT OPENCOURSEWARE.<\/p>\n                <\/div>\n              <\/div>\n            <\/div>\n          <\/div>\n        <\/div>\n      <\/div>\n    <\/div>\n  <\/div>\n<\/div>\n<\/div>","protected":false},"excerpt":{"rendered":"<p>A RAS Engenharia foi criada em 2021com valores, vis\u00e3o e miss\u00e3o Miss\u00e3o Oferecer servi\u00e7os el\u00e9tricos de alta qualidade, melhor custo benef\u00edcio e com seguran\u00e7a na regi\u00e3o Sul-Fluminense. Vis\u00e3o Ser a empresa refer\u00eancia em servi\u00e7os el\u00e9tricos da Regi\u00e3o. Valores Respeito as normas, ao c\u00f3digo de \u00e9tica do CREA e as particularidades. Transpar\u00eancia, Seguran\u00e7a e Sustentabilidade. HIST\u00d3RIA [&hellip;]<\/p>\n","protected":false},"author":1,"featured_media":0,"parent":0,"menu_order":0,"comment_status":"closed","ping_status":"closed","template":"page-templates\/full-width-page.php","meta":[],"_links":{"self":[{"href":"https:\/\/rasengenhariaparaty.com\/index.php\/wp-json\/wp\/v2\/pages\/2"}],"collection":[{"href":"https:\/\/rasengenhariaparaty.com\/index.php\/wp-json\/wp\/v2\/pages"}],"about":[{"href":"https:\/\/rasengenhariaparaty.com\/index.php\/wp-json\/wp\/v2\/types\/page"}],"author":[{"embeddable":true,"href":"https:\/\/rasengenhariaparaty.com\/index.php\/wp-json\/wp\/v2\/users\/1"}],"replies":[{"embeddable":true,"href":"https:\/\/rasengenhariaparaty.com\/index.php\/wp-json\/wp\/v2\/comments?post=2"}],"version-history":[{"count":20,"href":"https:\/\/rasengenhariaparaty.com\/index.php\/wp-json\/wp\/v2\/pages\/2\/revisions"}],"predecessor-version":[{"id":867,"href":"https:\/\/rasengenhariaparaty.com\/index.php\/wp-json\/wp\/v2\/pages\/2\/revisions\/867"}],"wp:attachment":[{"href":"https:\/\/rasengenhariaparaty.com\/index.php\/wp-json\/wp\/v2\/media?parent=2"}],"curies":[{"name":"wp","href":"https:\/\/api.w.org\/{rel}","templated":true}]}}